{"id":144,"date":"2022-08-30T05:16:20","date_gmt":"2022-08-30T05:16:20","guid":{"rendered":"https:\/\/kaspeli.fi\/?page_id=144"},"modified":"2026-03-27T19:01:01","modified_gmt":"2026-03-27T19:01:01","slug":"yhteystiedot","status":"publish","type":"page","link":"https:\/\/kaspeli.fi\/?page_id=144","title":{"rendered":"YHTEYSTIEDOT"},"content":{"rendered":"\n<p><strong>Kaakkois-Suomen Pelastusalanliitto ry<\/strong><\/p>\n\n\n\n<p>Kanervistontie 46<br>45200 Kouvola<br><br>Puhelin<br><strong>050 468 8440&nbsp;<\/strong>&nbsp;&nbsp;&nbsp;&nbsp;&nbsp;&nbsp;&nbsp;<br><br>etunimi.sukunimi@kaspeli.fi<br><a href=\"mailto:toimisto@kaspeli.fi\">toimisto@kaspeli.fi<\/a><br><br><a href=\"https:\/\/www.facebook.com\/kaspeli.fi\/\">https:\/\/www.facebook.com\/kaspeli.fi\/<\/a><br>&nbsp;<br><strong>Toiminnanjohtaja<\/strong><br>Veli-Matti Aaltonen<br>Puhelin 044 366 0215<br><br><strong>J\u00e4rjest\u00f6koordinaattori<\/strong><br>Mikko R\u00e4m\u00e4<br>Puhelin 0400 556 527<\/p>\n\n\n\n<p><em><br><\/em><\/p>\n\n\n\n<p><strong>Toimisto avoinna ma-pe klo 9 -15<\/strong><\/p>\n\n\n\n<p><strong><a href=\"https:\/\/kaspeli.fi\/wp-content\/uploads\/2022\/09\/Verkkolaskutiedote_uusiversio18.5.2022u.pdf\" data-type=\"URL\" data-id=\"https:\/\/kaspeli.fi\/wp-content\/uploads\/2022\/09\/Verkkolaskutiedote_uusiversio18.5.2022u.pdf\">Verkkolaskutustiedot<\/a><\/strong><\/p>\n\n\n\n<div data-wp-interactive=\"core\/file\" class=\"wp-block-file\"><object data-wp-bind--hidden=\"!state.hasPdfPreview\" hidden class=\"wp-block-file__embed\" data=\"https:\/\/kaspeli.fi\/wp-content\/uploads\/2025\/06\/Kaspeli-kurssilaisten-pysakointi-ja-sisaankaynti.pdf\" type=\"application\/pdf\" style=\"width:100%;height:690px\" aria-label=\"Tiedoston Kaspeli, kurssilaisten pys\u00e4k\u00f6inti ja sis\u00e4\u00e4nk\u00e4ynti upotus.\"><\/object><a id=\"wp-block-file--media-67320d33-0dfd-49f4-826f-593dad262d2a\" href=\"https:\/\/kaspeli.fi\/wp-content\/uploads\/2025\/06\/Kaspeli-kurssilaisten-pysakointi-ja-sisaankaynti.pdf\">Kaspeli, kurssilaisten pys\u00e4k\u00f6inti ja sis\u00e4\u00e4nk\u00e4ynti<\/a><a href=\"https:\/\/kaspeli.fi\/wp-content\/uploads\/2025\/06\/Kaspeli-kurssilaisten-pysakointi-ja-sisaankaynti.pdf\" class=\"wp-block-file__button wp-element-button\" download aria-describedby=\"wp-block-file--media-67320d33-0dfd-49f4-826f-593dad262d2a\">Lataa<\/a><\/div>\n","protected":false},"excerpt":{"rendered":"<p>Kaakkois-Suomen Pelastusalanliitto ry Kanervistontie 4645200 Kouvola Puhelin050 468 8440&nbsp;&nbsp;&nbsp;&nbsp;&nbsp;&nbsp;&nbsp;&nbsp; etunimi.sukunimi@kaspeli.fitoimisto@kaspeli.fi https:\/\/www.facebook.com\/kaspeli.fi\/&nbsp;ToiminnanjohtajaVeli-Matti AaltonenPuhelin 044 366 0215 J\u00e4rjest\u00f6koordinaattoriMikko R\u00e4m\u00e4Puhelin 0400 556 527 Toimisto avoinna ma-pe klo 9 -15 Verkkolaskutustiedot<\/p>\n","protected":false},"author":1,"featured_media":0,"parent":0,"menu_order":0,"comment_status":"closed","ping_status":"closed","template":"","meta":{"footnotes":""},"class_list":["post-144","page","type-page","status-publish","czr-hentry"],"featured_image_src":null,"_links":{"self":[{"href":"https:\/\/kaspeli.fi\/index.php?rest_route=\/wp\/v2\/pages\/144","targetHints":{"allow":["GET"]}}],"collection":[{"href":"https:\/\/kaspeli.fi\/index.php?rest_route=\/wp\/v2\/pages"}],"about":[{"href":"https:\/\/kaspeli.fi\/index.php?rest_route=\/wp\/v2\/types\/page"}],"author":[{"embeddable":true,"href":"https:\/\/kaspeli.fi\/index.php?rest_route=\/wp\/v2\/users\/1"}],"replies":[{"embeddable":true,"href":"https:\/\/kaspeli.fi\/index.php?rest_route=%2Fwp%2Fv2%2Fcomments&post=144"}],"version-history":[{"count":8,"href":"https:\/\/kaspeli.fi\/index.php?rest_route=\/wp\/v2\/pages\/144\/revisions"}],"predecessor-version":[{"id":800,"href":"https:\/\/kaspeli.fi\/index.php?rest_route=\/wp\/v2\/pages\/144\/revisions\/800"}],"wp:attachment":[{"href":"https:\/\/kaspeli.fi\/index.php?rest_route=%2Fwp%2Fv2%2Fmedia&parent=144"}],"curies":[{"name":"wp","href":"https:\/\/api.w.org\/{rel}","templated":true}]}}